{"id":24,"date":"2020-07-22T04:32:19","date_gmt":"2020-07-22T04:32:19","guid":{"rendered":"https:\/\/tuneurologa.com\/web\/?page_id=24"},"modified":"2020-08-12T00:56:19","modified_gmt":"2020-08-12T00:56:19","slug":"terapias","status":"publish","type":"page","link":"https:\/\/tuneurologa.com\/web\/terapias\/","title":{"rendered":"Tratamientos"},"content":{"rendered":"\t\t<div data-elementor-type=\"wp-page\" data-elementor-id=\"24\" class=\"elementor elementor-24\">\n\t\t\t\t\t\t<div class=\"elementor-inner\">\n\t\t\t\t<div class=\"elementor-section-wrap\">\n\t\t\t\t\t\t\t\t\t<section class=\"elementor-section elementor-top-section elementor-element elementor-element-52662a89 elementor-section-full_width elementor-section-height-default elementor-section-height-default elementor-invisible\" data-id=\"52662a89\" data-element_type=\"section\" data-settings=\"{&quot;animation&quot;:&quot;fadeIn&quot;}\">\n\t\t\t\t\t\t<div class=\"elementor-container elementor-column-gap-default\">\n\t\t\t\t\t\t\t<div class=\"elementor-row\">\n\t\t\t\t\t<div class=\"elementor-column elementor-col-33 elementor-top-column elementor-element elementor-element-1da3b469\" data-id=\"1da3b469\" data-element_type=\"column\" data-settings=\"{&quot;background_background&quot;:&quot;classic&quot;}\">\n\t\t\t<div class=\"elementor-column-wrap\">\n\t\t\t\t\t\t\t<div class=\"elementor-widget-wrap\">\n\t\t\t\t\t\t\t\t<\/div>\n\t\t\t\t\t<\/div>\n\t\t<\/div>\n\t\t\t\t<div class=\"elementor-column elementor-col-33 elementor-top-column elementor-element elementor-element-27f5f9b5\" data-id=\"27f5f9b5\" data-element_type=\"column\">\n\t\t\t<div class=\"elementor-column-wrap elementor-element-populated\">\n\t\t\t\t\t\t\t<div class=\"elementor-widget-wrap\">\n\t\t\t\t\t\t<div class=\"elementor-element elementor-element-4c8ba50a titulo elementor-widget elementor-widget-heading\" data-id=\"4c8ba50a\" data-element_type=\"widget\" data-widget_type=\"heading.default\">\n\t\t\t\t<div class=\"elementor-widget-container\">\n\t\t\t<h2 class=\"elementor-heading-title elementor-size-default\">Tratamientos<\/h2>\t\t<\/div>\n\t\t\t\t<\/div>\n\t\t\t\t\t\t<\/div>\n\t\t\t\t\t<\/div>\n\t\t<\/div>\n\t\t\t\t<div class=\"elementor-column elementor-col-33 elementor-top-column elementor-element elementor-element-4b3983f2\" data-id=\"4b3983f2\" data-element_type=\"column\" data-settings=\"{&quot;background_background&quot;:&quot;classic&quot;}\">\n\t\t\t<div class=\"elementor-column-wrap\">\n\t\t\t\t\t\t\t<div class=\"elementor-widget-wrap\">\n\t\t\t\t\t\t\t\t<\/div>\n\t\t\t\t\t<\/div>\n\t\t<\/div>\n\t\t\t\t\t\t\t\t<\/div>\n\t\t\t\t\t<\/div>\n\t\t<\/section>\n\t\t\t\t<section class=\"elementor-section elementor-top-section elementor-element elementor-element-eafc0af elementor-section-boxed elementor-section-height-default elementor-section-height-default\" data-id=\"eafc0af\" data-element_type=\"section\">\n\t\t\t\t\t\t<div class=\"elementor-container elementor-column-gap-default\">\n\t\t\t\t\t\t\t<div class=\"elementor-row\">\n\t\t\t\t\t<div class=\"elementor-column elementor-col-50 elementor-top-column elementor-element elementor-element-8f35dd2 elementor-invisible\" data-id=\"8f35dd2\" data-element_type=\"column\" data-settings=\"{&quot;animation&quot;:&quot;fadeInUp&quot;}\">\n\t\t\t<div class=\"elementor-column-wrap elementor-element-populated\">\n\t\t\t\t\t\t\t<div class=\"elementor-widget-wrap\">\n\t\t\t\t\t\t<div class=\"elementor-element elementor-element-7822773 elementor-widget elementor-widget-image\" data-id=\"7822773\" data-element_type=\"widget\" data-widget_type=\"image.default\">\n\t\t\t\t<div class=\"elementor-widget-container\">\n\t\t\t\t\t\t\t\t<div class=\"elementor-image\">\n\t\t\t\t\t\t\t\t\t\t\t\t\t<a href=\"https:\/\/tuneurologa.com\/web\/migrana\/\">\n\t\t\t\t\t\t\t<img width=\"594\" height=\"297\" src=\"https:\/\/tuneurologa.com\/web\/wp-content\/uploads\/2020\/08\/migra\u00f1a.jpg\" class=\"elementor-animation-shrink attachment-large size-large\" alt=\"\" loading=\"lazy\" srcset=\"https:\/\/tuneurologa.com\/web\/wp-content\/uploads\/2020\/08\/migra\u00f1a.jpg 594w, https:\/\/tuneurologa.com\/web\/wp-content\/uploads\/2020\/08\/migra\u00f1a-300x150.jpg 300w\" sizes=\"(max-width: 594px) 100vw, 594px\" \/>\t\t\t\t\t\t\t\t<\/a>\n\t\t\t\t\t\t\t\t\t\t\t\t\t\t<\/div>\n\t\t\t\t\t\t<\/div>\n\t\t\t\t<\/div>\n\t\t\t\t<div class=\"elementor-element elementor-element-d364461 elementor-widget elementor-widget-heading\" data-id=\"d364461\" data-element_type=\"widget\" data-widget_type=\"heading.default\">\n\t\t\t\t<div class=\"elementor-widget-container\">\n\t\t\t<h4 class=\"elementor-heading-title elementor-size-default\"><a href=\"https:\/\/tuneurologa.com\/web\/migrana\/\">Migra\u00f1a<\/a><\/h4>\t\t<\/div>\n\t\t\t\t<\/div>\n\t\t\t\t\t\t<\/div>\n\t\t\t\t\t<\/div>\n\t\t<\/div>\n\t\t\t\t<div class=\"elementor-column elementor-col-50 elementor-top-column elementor-element elementor-element-89ff2fd elementor-invisible\" data-id=\"89ff2fd\" data-element_type=\"column\" data-settings=\"{&quot;animation&quot;:&quot;fadeInUp&quot;}\">\n\t\t\t<div class=\"elementor-column-wrap elementor-element-populated\">\n\t\t\t\t\t\t\t<div class=\"elementor-widget-wrap\">\n\t\t\t\t\t\t<div class=\"elementor-element elementor-element-367221b elementor-invisible elementor-widget elementor-widget-image\" data-id=\"367221b\" data-element_type=\"widget\" data-settings=\"{&quot;_animation&quot;:&quot;fadeInUp&quot;}\" data-widget_type=\"image.default\">\n\t\t\t\t<div class=\"elementor-widget-container\">\n\t\t\t\t\t\t\t\t<div class=\"elementor-image\">\n\t\t\t\t\t\t\t\t\t\t\t\t\t<a href=\"https:\/\/tuneurologa.com\/web\/vertigo\/\">\n\t\t\t\t\t\t\t<img width=\"594\" height=\"298\" src=\"https:\/\/tuneurologa.com\/web\/wp-content\/uploads\/2020\/08\/Sin-t\u00edtulo-19.jpg\" class=\"elementor-animation-shrink attachment-large size-large\" alt=\"\" loading=\"lazy\" srcset=\"https:\/\/tuneurologa.com\/web\/wp-content\/uploads\/2020\/08\/Sin-t\u00edtulo-19.jpg 594w, https:\/\/tuneurologa.com\/web\/wp-content\/uploads\/2020\/08\/Sin-t\u00edtulo-19-300x151.jpg 300w\" sizes=\"(max-width: 594px) 100vw, 594px\" \/>\t\t\t\t\t\t\t\t<\/a>\n\t\t\t\t\t\t\t\t\t\t\t\t\t\t<\/div>\n\t\t\t\t\t\t<\/div>\n\t\t\t\t<\/div>\n\t\t\t\t<div class=\"elementor-element elementor-element-c09169c elementor-widget elementor-widget-heading\" data-id=\"c09169c\" data-element_type=\"widget\" data-widget_type=\"heading.default\">\n\t\t\t\t<div class=\"elementor-widget-container\">\n\t\t\t<h4 class=\"elementor-heading-title elementor-size-default\"><a href=\"https:\/\/tuneurologa.com\/web\/vertigo\/\">V\u00e9rtigo<\/a><\/h4>\t\t<\/div>\n\t\t\t\t<\/div>\n\t\t\t\t\t\t<\/div>\n\t\t\t\t\t<\/div>\n\t\t<\/div>\n\t\t\t\t\t\t\t\t<\/div>\n\t\t\t\t\t<\/div>\n\t\t<\/section>\n\t\t\t\t<section class=\"elementor-section elementor-top-section elementor-element elementor-element-8b81714 elementor-section-boxed elementor-section-height-default elementor-section-height-default\" data-id=\"8b81714\" data-element_type=\"section\">\n\t\t\t\t\t\t<div class=\"elementor-container elementor-column-gap-default\">\n\t\t\t\t\t\t\t<div class=\"elementor-row\">\n\t\t\t\t\t<div class=\"elementor-column elementor-col-50 elementor-top-column elementor-element elementor-element-1844310 elementor-invisible\" data-id=\"1844310\" data-element_type=\"column\" data-settings=\"{&quot;animation&quot;:&quot;fadeInUp&quot;}\">\n\t\t\t<div class=\"elementor-column-wrap elementor-element-populated\">\n\t\t\t\t\t\t\t<div class=\"elementor-widget-wrap\">\n\t\t\t\t\t\t<div class=\"elementor-element elementor-element-fb53e0d elementor-widget elementor-widget-image\" data-id=\"fb53e0d\" data-element_type=\"widget\" data-widget_type=\"image.default\">\n\t\t\t\t<div class=\"elementor-widget-container\">\n\t\t\t\t\t\t\t\t<div class=\"elementor-image\">\n\t\t\t\t\t\t\t\t\t\t\t\t\t<a href=\"https:\/\/tuneurologa.com\/web\/estres\/\">\n\t\t\t\t\t\t\t<img width=\"595\" height=\"297\" src=\"https:\/\/tuneurologa.com\/web\/wp-content\/uploads\/2020\/08\/estres.jpg\" class=\"elementor-animation-shrink attachment-large size-large\" alt=\"\" loading=\"lazy\" srcset=\"https:\/\/tuneurologa.com\/web\/wp-content\/uploads\/2020\/08\/estres.jpg 595w, https:\/\/tuneurologa.com\/web\/wp-content\/uploads\/2020\/08\/estres-300x150.jpg 300w\" sizes=\"(max-width: 595px) 100vw, 595px\" \/>\t\t\t\t\t\t\t\t<\/a>\n\t\t\t\t\t\t\t\t\t\t\t\t\t\t<\/div>\n\t\t\t\t\t\t<\/div>\n\t\t\t\t<\/div>\n\t\t\t\t<div class=\"elementor-element elementor-element-f38a662 elementor-widget elementor-widget-heading\" data-id=\"f38a662\" data-element_type=\"widget\" data-widget_type=\"heading.default\">\n\t\t\t\t<div class=\"elementor-widget-container\">\n\t\t\t<h4 class=\"elementor-heading-title elementor-size-default\"><a href=\"https:\/\/tuneurologa.com\/web\/estres\/\">Estr\u00e9s<\/a><\/h4>\t\t<\/div>\n\t\t\t\t<\/div>\n\t\t\t\t\t\t<\/div>\n\t\t\t\t\t<\/div>\n\t\t<\/div>\n\t\t\t\t<div class=\"elementor-column elementor-col-50 elementor-top-column elementor-element elementor-element-a33fc95 elementor-invisible\" data-id=\"a33fc95\" data-element_type=\"column\" data-settings=\"{&quot;animation&quot;:&quot;fadeInUp&quot;}\">\n\t\t\t<div class=\"elementor-column-wrap elementor-element-populated\">\n\t\t\t\t\t\t\t<div class=\"elementor-widget-wrap\">\n\t\t\t\t\t\t<div class=\"elementor-element elementor-element-0531f2a elementor-invisible elementor-widget elementor-widget-image\" data-id=\"0531f2a\" data-element_type=\"widget\" data-settings=\"{&quot;_animation&quot;:&quot;fadeInUp&quot;}\" data-widget_type=\"image.default\">\n\t\t\t\t<div class=\"elementor-widget-container\">\n\t\t\t\t\t\t\t\t<div class=\"elementor-image\">\n\t\t\t\t\t\t\t\t\t\t\t\t\t<a href=\"https:\/\/tuneurologa.com\/web\/demencia\/\">\n\t\t\t\t\t\t\t<img width=\"595\" height=\"297\" src=\"https:\/\/tuneurologa.com\/web\/wp-content\/uploads\/2020\/08\/demencia.jpg\" class=\"elementor-animation-shrink attachment-large size-large\" alt=\"\" loading=\"lazy\" srcset=\"https:\/\/tuneurologa.com\/web\/wp-content\/uploads\/2020\/08\/demencia.jpg 595w, https:\/\/tuneurologa.com\/web\/wp-content\/uploads\/2020\/08\/demencia-300x150.jpg 300w\" sizes=\"(max-width: 595px) 100vw, 595px\" \/>\t\t\t\t\t\t\t\t<\/a>\n\t\t\t\t\t\t\t\t\t\t\t\t\t\t<\/div>\n\t\t\t\t\t\t<\/div>\n\t\t\t\t<\/div>\n\t\t\t\t<div class=\"elementor-element elementor-element-8a6a165 elementor-widget elementor-widget-heading\" data-id=\"8a6a165\" data-element_type=\"widget\" data-widget_type=\"heading.default\">\n\t\t\t\t<div class=\"elementor-widget-container\">\n\t\t\t<h4 class=\"elementor-heading-title elementor-size-default\"><a href=\"https:\/\/tuneurologa.com\/web\/demencia\/\">Demencia<\/a><\/h4>\t\t<\/div>\n\t\t\t\t<\/div>\n\t\t\t\t\t\t<\/div>\n\t\t\t\t\t<\/div>\n\t\t<\/div>\n\t\t\t\t\t\t\t\t<\/div>\n\t\t\t\t\t<\/div>\n\t\t<\/section>\n\t\t\t\t<section class=\"elementor-section elementor-top-section elementor-element elementor-element-341a44d elementor-section-boxed elementor-section-height-default elementor-section-height-default\" data-id=\"341a44d\" data-element_type=\"section\">\n\t\t\t\t\t\t<div class=\"elementor-container elementor-column-gap-default\">\n\t\t\t\t\t\t\t<div class=\"elementor-row\">\n\t\t\t\t\t<div class=\"elementor-column elementor-col-50 elementor-top-column elementor-element elementor-element-6f2b139 elementor-invisible\" data-id=\"6f2b139\" data-element_type=\"column\" data-settings=\"{&quot;animation&quot;:&quot;fadeInUp&quot;}\">\n\t\t\t<div class=\"elementor-column-wrap elementor-element-populated\">\n\t\t\t\t\t\t\t<div class=\"elementor-widget-wrap\">\n\t\t\t\t\t\t<div class=\"elementor-element elementor-element-3f3de8c elementor-widget elementor-widget-image\" data-id=\"3f3de8c\" data-element_type=\"widget\" data-widget_type=\"image.default\">\n\t\t\t\t<div class=\"elementor-widget-container\">\n\t\t\t\t\t\t\t\t<div class=\"elementor-image\">\n\t\t\t\t\t\t\t\t\t\t\t\t\t<a href=\"https:\/\/tuneurologa.com\/web\/parkinson\/\">\n\t\t\t\t\t\t\t<img width=\"595\" height=\"297\" src=\"https:\/\/tuneurologa.com\/web\/wp-content\/uploads\/2020\/08\/parkinson.jpg\" class=\"elementor-animation-shrink attachment-large size-large\" alt=\"\" loading=\"lazy\" srcset=\"https:\/\/tuneurologa.com\/web\/wp-content\/uploads\/2020\/08\/parkinson.jpg 595w, https:\/\/tuneurologa.com\/web\/wp-content\/uploads\/2020\/08\/parkinson-300x150.jpg 300w\" sizes=\"(max-width: 595px) 100vw, 595px\" \/>\t\t\t\t\t\t\t\t<\/a>\n\t\t\t\t\t\t\t\t\t\t\t\t\t\t<\/div>\n\t\t\t\t\t\t<\/div>\n\t\t\t\t<\/div>\n\t\t\t\t<div class=\"elementor-element elementor-element-90e9778 elementor-widget elementor-widget-heading\" data-id=\"90e9778\" data-element_type=\"widget\" data-widget_type=\"heading.default\">\n\t\t\t\t<div class=\"elementor-widget-container\">\n\t\t\t<h4 class=\"elementor-heading-title elementor-size-default\"><a href=\"https:\/\/tuneurologa.com\/web\/parkinson\/\">Parkinson<\/a><\/h4>\t\t<\/div>\n\t\t\t\t<\/div>\n\t\t\t\t\t\t<\/div>\n\t\t\t\t\t<\/div>\n\t\t<\/div>\n\t\t\t\t<div class=\"elementor-column elementor-col-50 elementor-top-column elementor-element elementor-element-0a7bf14 elementor-invisible\" data-id=\"0a7bf14\" data-element_type=\"column\" data-settings=\"{&quot;animation&quot;:&quot;fadeInUp&quot;}\">\n\t\t\t<div class=\"elementor-column-wrap elementor-element-populated\">\n\t\t\t\t\t\t\t<div class=\"elementor-widget-wrap\">\n\t\t\t\t\t\t<div class=\"elementor-element elementor-element-eb8188e elementor-invisible elementor-widget elementor-widget-image\" data-id=\"eb8188e\" data-element_type=\"widget\" data-settings=\"{&quot;_animation&quot;:&quot;fadeInUp&quot;}\" data-widget_type=\"image.default\">\n\t\t\t\t<div class=\"elementor-widget-container\">\n\t\t\t\t\t\t\t\t<div class=\"elementor-image\">\n\t\t\t\t\t\t\t\t\t\t\t\t\t<a href=\"https:\/\/tuneurologa.com\/web\/enfermedades-cerebrovasculares\/\">\n\t\t\t\t\t\t\t<img width=\"595\" height=\"297\" src=\"https:\/\/tuneurologa.com\/web\/wp-content\/uploads\/2020\/08\/cerebrovasculares.jpg\" class=\"elementor-animation-shrink attachment-large size-large\" alt=\"\" loading=\"lazy\" srcset=\"https:\/\/tuneurologa.com\/web\/wp-content\/uploads\/2020\/08\/cerebrovasculares.jpg 595w, https:\/\/tuneurologa.com\/web\/wp-content\/uploads\/2020\/08\/cerebrovasculares-300x150.jpg 300w\" sizes=\"(max-width: 595px) 100vw, 595px\" \/>\t\t\t\t\t\t\t\t<\/a>\n\t\t\t\t\t\t\t\t\t\t\t\t\t\t<\/div>\n\t\t\t\t\t\t<\/div>\n\t\t\t\t<\/div>\n\t\t\t\t<div class=\"elementor-element elementor-element-5cdf197 elementor-widget elementor-widget-heading\" data-id=\"5cdf197\" data-element_type=\"widget\" data-widget_type=\"heading.default\">\n\t\t\t\t<div class=\"elementor-widget-container\">\n\t\t\t<h4 class=\"elementor-heading-title elementor-size-default\"><a href=\"https:\/\/tuneurologa.com\/web\/enfermedades-cerebrovasculares\/\">Enfermedades cerebrovasculares<\/a><\/h4>\t\t<\/div>\n\t\t\t\t<\/div>\n\t\t\t\t\t\t<\/div>\n\t\t\t\t\t<\/div>\n\t\t<\/div>\n\t\t\t\t\t\t\t\t<\/div>\n\t\t\t\t\t<\/div>\n\t\t<\/section>\n\t\t\t\t<section class=\"elementor-section elementor-top-section elementor-element elementor-element-9847d6f elementor-section-boxed elementor-section-height-default elementor-section-height-default\" data-id=\"9847d6f\" data-element_type=\"section\">\n\t\t\t\t\t\t<div class=\"elementor-container elementor-column-gap-default\">\n\t\t\t\t\t\t\t<div class=\"elementor-row\">\n\t\t\t\t\t<div class=\"elementor-column elementor-col-50 elementor-top-column elementor-element elementor-element-d455267 elementor-invisible\" data-id=\"d455267\" data-element_type=\"column\" data-settings=\"{&quot;animation&quot;:&quot;fadeInUp&quot;}\">\n\t\t\t<div class=\"elementor-column-wrap elementor-element-populated\">\n\t\t\t\t\t\t\t<div class=\"elementor-widget-wrap\">\n\t\t\t\t\t\t<div class=\"elementor-element elementor-element-b7adddf elementor-widget elementor-widget-image\" data-id=\"b7adddf\" data-element_type=\"widget\" data-widget_type=\"image.default\">\n\t\t\t\t<div class=\"elementor-widget-container\">\n\t\t\t\t\t\t\t\t<div class=\"elementor-image\">\n\t\t\t\t\t\t\t\t\t\t\t\t\t<a href=\"https:\/\/tuneurologa.com\/web\/trastornos-compulsivos\/\">\n\t\t\t\t\t\t\t<img width=\"595\" height=\"299\" src=\"https:\/\/tuneurologa.com\/web\/wp-content\/uploads\/2020\/08\/trastornos.jpg\" class=\"elementor-animation-shrink attachment-large size-large\" alt=\"\" loading=\"lazy\" srcset=\"https:\/\/tuneurologa.com\/web\/wp-content\/uploads\/2020\/08\/trastornos.jpg 595w, https:\/\/tuneurologa.com\/web\/wp-content\/uploads\/2020\/08\/trastornos-300x151.jpg 300w\" sizes=\"(max-width: 595px) 100vw, 595px\" \/>\t\t\t\t\t\t\t\t<\/a>\n\t\t\t\t\t\t\t\t\t\t\t\t\t\t<\/div>\n\t\t\t\t\t\t<\/div>\n\t\t\t\t<\/div>\n\t\t\t\t<div class=\"elementor-element elementor-element-f067672 elementor-widget elementor-widget-heading\" data-id=\"f067672\" data-element_type=\"widget\" data-widget_type=\"heading.default\">\n\t\t\t\t<div class=\"elementor-widget-container\">\n\t\t\t<h4 class=\"elementor-heading-title elementor-size-default\"><a href=\"https:\/\/tuneurologa.com\/web\/trastornos-compulsivos\/\">Trastornos compulsivos<\/a><\/h4>\t\t<\/div>\n\t\t\t\t<\/div>\n\t\t\t\t\t\t<\/div>\n\t\t\t\t\t<\/div>\n\t\t<\/div>\n\t\t\t\t<div class=\"elementor-column elementor-col-50 elementor-top-column elementor-element elementor-element-88b7d19 elementor-invisible\" data-id=\"88b7d19\" data-element_type=\"column\" data-settings=\"{&quot;animation&quot;:&quot;fadeInUp&quot;}\">\n\t\t\t<div class=\"elementor-column-wrap elementor-element-populated\">\n\t\t\t\t\t\t\t<div class=\"elementor-widget-wrap\">\n\t\t\t\t\t\t<div class=\"elementor-element elementor-element-98afa9c elementor-invisible elementor-widget elementor-widget-image\" data-id=\"98afa9c\" data-element_type=\"widget\" data-settings=\"{&quot;_animation&quot;:&quot;fadeInUp&quot;}\" data-widget_type=\"image.default\">\n\t\t\t\t<div class=\"elementor-widget-container\">\n\t\t\t\t\t\t\t\t<div class=\"elementor-image\">\n\t\t\t\t\t\t\t\t\t\t\t\t\t<a href=\"https:\/\/tuneurologa.com\/web\/esclerosis-multiple\/\">\n\t\t\t\t\t\t\t<img width=\"595\" height=\"298\" src=\"https:\/\/tuneurologa.com\/web\/wp-content\/uploads\/2020\/08\/esclerosis.jpg\" class=\"elementor-animation-shrink attachment-large size-large\" alt=\"\" loading=\"lazy\" srcset=\"https:\/\/tuneurologa.com\/web\/wp-content\/uploads\/2020\/08\/esclerosis.jpg 595w, https:\/\/tuneurologa.com\/web\/wp-content\/uploads\/2020\/08\/esclerosis-300x150.jpg 300w\" sizes=\"(max-width: 595px) 100vw, 595px\" \/>\t\t\t\t\t\t\t\t<\/a>\n\t\t\t\t\t\t\t\t\t\t\t\t\t\t<\/div>\n\t\t\t\t\t\t<\/div>\n\t\t\t\t<\/div>\n\t\t\t\t<div class=\"elementor-element elementor-element-e6a233e elementor-widget elementor-widget-heading\" data-id=\"e6a233e\" data-element_type=\"widget\" data-widget_type=\"heading.default\">\n\t\t\t\t<div class=\"elementor-widget-container\">\n\t\t\t<h4 class=\"elementor-heading-title elementor-size-default\"><a href=\"https:\/\/tuneurologa.com\/web\/esclerosis-multiple\/\">Esclerosis m\u00faltiple<\/a><\/h4>\t\t<\/div>\n\t\t\t\t<\/div>\n\t\t\t\t\t\t<\/div>\n\t\t\t\t\t<\/div>\n\t\t<\/div>\n\t\t\t\t\t\t\t\t<\/div>\n\t\t\t\t\t<\/div>\n\t\t<\/section>\n\t\t\t\t\t\t\t\t\t<\/div>\n\t\t\t<\/div>\n\t\t\t\t\t<\/div>\n\t\t","protected":false},"excerpt":{"rendered":"<p>Tratamientos Migra\u00f1a V\u00e9rtigo Estr\u00e9s Demencia Parkinson Enfermedades cerebrovasculares Trastornos compulsivos Esclerosis m\u00faltiple<\/p>\n","protected":false},"author":1,"featured_media":0,"parent":0,"menu_order":0,"comment_status":"closed","ping_status":"closed","template":"","meta":[],"_links":{"self":[{"href":"https:\/\/tuneurologa.com\/web\/wp-json\/wp\/v2\/pages\/24"}],"collection":[{"href":"https:\/\/tuneurologa.com\/web\/wp-json\/wp\/v2\/pages"}],"about":[{"href":"https:\/\/tuneurologa.com\/web\/wp-json\/wp\/v2\/types\/page"}],"author":[{"embeddable":true,"href":"https:\/\/tuneurologa.com\/web\/wp-json\/wp\/v2\/users\/1"}],"replies":[{"embeddable":true,"href":"https:\/\/tuneurologa.com\/web\/wp-json\/wp\/v2\/comments?post=24"}],"version-history":[{"count":17,"href":"https:\/\/tuneurologa.com\/web\/wp-json\/wp\/v2\/pages\/24\/revisions"}],"predecessor-version":[{"id":283,"href":"https:\/\/tuneurologa.com\/web\/wp-json\/wp\/v2\/pages\/24\/revisions\/283"}],"wp:attachment":[{"href":"https:\/\/tuneurologa.com\/web\/wp-json\/wp\/v2\/media?parent=24"}],"curies":[{"name":"wp","href":"https:\/\/api.w.org\/{rel}","templated":true}]}}